{"id":815,"date":"2024-05-24T13:24:59","date_gmt":"2024-05-24T16:24:59","guid":{"rendered":"https:\/\/ipojucaurbanoambiental.com.br\/?page_id=815"},"modified":"2026-04-22T09:54:55","modified_gmt":"2026-04-22T12:54:55","slug":"mapa-de-macrozoneamento","status":"publish","type":"page","link":"https:\/\/ipojucaurbanoambiental.com.br\/index.php\/mapa-de-macrozoneamento\/","title":{"rendered":"Mapa de Macrozoneamento"},"content":{"rendered":"\t\t<div data-elementor-type=\"wp-post\" data-elementor-id=\"815\" class=\"elementor elementor-815\" data-elementor-post-type=\"page\">\n\t\t\t\t\t\t<section class=\"elementor-section elementor-top-section elementor-element elementor-element-adc3568 elementor-section-boxed elementor-section-height-default elementor-section-height-default\" data-id=\"adc3568\" data-element_type=\"section\" data-settings=\"{&quot;background_background&quot;:&quot;classic&quot;}\">\n\t\t\t\t\t\t<div class=\"elementor-container elementor-column-gap-default\">\n\t\t\t\t\t<div class=\"elementor-column elementor-col-100 elementor-top-column elementor-element elementor-element-50aac0a\" data-id=\"50aac0a\" data-element_type=\"column\">\n\t\t\t<div class=\"elementor-widget-wrap elementor-element-populated\">\n\t\t\t\t\t\t<div class=\"elementor-element elementor-element-ded8044 elementor-nav-menu__align-center elementor-nav-menu--dropdown-mobile elementor-nav-menu__text-align-aside elementor-nav-menu--toggle elementor-nav-menu--burger elementor-widget elementor-widget-nav-menu\" data-id=\"ded8044\" data-element_type=\"widget\" data-settings=\"{&quot;layout&quot;:&quot;horizontal&quot;,&quot;submenu_icon&quot;:{&quot;value&quot;:&quot;&lt;i class=\\&quot;fas fa-caret-down\\&quot;&gt;&lt;\\\/i&gt;&quot;,&quot;library&quot;:&quot;fa-solid&quot;},&quot;toggle&quot;:&quot;burger&quot;}\" data-widget_type=\"nav-menu.default\">\n\t\t\t\t<div class=\"elementor-widget-container\">\n\t\t\t<link rel=\"stylesheet\" href=\"https:\/\/ipojucaurbanoambiental.com.br\/wp-content\/plugins\/elementor-pro\/assets\/css\/widget-nav-menu.min.css\">\t\t\t<nav class=\"elementor-nav-menu--main elementor-nav-menu__container elementor-nav-menu--layout-horizontal e--pointer-double-line e--animation-drop-in\">\n\t\t\t\t<ul id=\"menu-1-ded8044\" class=\"elementor-nav-menu\"><li class=\"menu-item menu-item-type-post_type menu-item-object-page menu-item-home menu-item-2195\"><a href=\"https:\/\/ipojucaurbanoambiental.com.br\/\" class=\"elementor-item\">In\u00edcio<\/a><\/li>\n<li class=\"menu-item menu-item-type-post_type menu-item-object-page menu-item-2194\"><a href=\"https:\/\/ipojucaurbanoambiental.com.br\/index.php\/servicos-licenciamento\/\" class=\"elementor-item\">Solicita\u00e7\u00f5es<\/a><\/li>\n<li class=\"menu-item menu-item-type-custom menu-item-object-custom menu-item-has-children menu-item-2217\"><a class=\"elementor-item\">Informa\u00e7\u00f5es \u00dateis<\/a>\n<ul class=\"sub-menu elementor-nav-menu--dropdown\">\n\t<li class=\"menu-item menu-item-type-post_type menu-item-object-page menu-item-2742\"><a href=\"https:\/\/ipojucaurbanoambiental.com.br\/index.php\/faq\/\" class=\"elementor-sub-item\">D\u00favidas Frequentes (FAQ)<\/a><\/li>\n\t<li class=\"menu-item menu-item-type-custom menu-item-object-custom menu-item-2726\"><a href=\"https:\/\/drive.google.com\/drive\/folders\/19omL0KxVtLKfbNp5wxB2N-wrnsS2L9a-?usp=drive_link\" class=\"elementor-sub-item\">Legisla\u00e7\u00e3o Urban\u00edstica<\/a><\/li>\n\t<li class=\"menu-item menu-item-type-custom menu-item-object-custom menu-item-2727\"><a href=\"https:\/\/drive.google.com\/drive\/folders\/1kADiffp_JCfNs1wp3yCW5NM2tFhN4hLy?usp=drive_link\" class=\"elementor-sub-item\">Plantas Loteamentos<\/a><\/li>\n\t<li class=\"menu-item menu-item-type-post_type menu-item-object-page menu-item-852\"><a href=\"https:\/\/ipojucaurbanoambiental.com.br\/index.php\/mapa-de-macrozoneamento\/\" class=\"elementor-sub-item\">Mapa de Macrozoneamento<\/a><\/li>\n\t<li class=\"menu-item menu-item-type-post_type menu-item-object-page menu-item-1847\"><a href=\"https:\/\/ipojucaurbanoambiental.com.br\/index.php\/calcule-a-const\/\" class=\"elementor-sub-item\">Calcule a \u00c1rea Constru\u00edda<\/a><\/li>\n\t<li class=\"menu-item menu-item-type-post_type menu-item-object-page menu-item-2184\"><a href=\"https:\/\/ipojucaurbanoambiental.com.br\/index.php\/cep\/\" class=\"elementor-sub-item\">Encontre o CEP<\/a><\/li>\n<\/ul>\n<\/li>\n<li class=\"menu-item menu-item-type-post_type menu-item-object-page menu-item-2694\"><a href=\"https:\/\/ipojucaurbanoambiental.com.br\/index.php\/denuncia\/\" class=\"elementor-item\">Den\u00fancia<\/a><\/li>\n<\/ul>\t\t\t<\/nav>\n\t\t\t\t\t<div class=\"elementor-menu-toggle\" role=\"button\" tabindex=\"0\" aria-label=\"Menu Toggle\" aria-expanded=\"false\">\n\t\t\t<i aria-hidden=\"true\" role=\"presentation\" class=\"elementor-menu-toggle__icon--open eicon-menu-bar\"><\/i><i aria-hidden=\"true\" role=\"presentation\" class=\"elementor-menu-toggle__icon--close eicon-close\"><\/i>\t\t\t<span class=\"elementor-screen-only\">Menu<\/span>\n\t\t<\/div>\n\t\t\t\t\t<nav class=\"elementor-nav-menu--dropdown elementor-nav-menu__container\" aria-hidden=\"true\">\n\t\t\t\t<ul id=\"menu-2-ded8044\" class=\"elementor-nav-menu\"><li class=\"menu-item menu-item-type-post_type menu-item-object-page menu-item-home menu-item-2195\"><a href=\"https:\/\/ipojucaurbanoambiental.com.br\/\" class=\"elementor-item\" tabindex=\"-1\">In\u00edcio<\/a><\/li>\n<li class=\"menu-item menu-item-type-post_type menu-item-object-page menu-item-2194\"><a href=\"https:\/\/ipojucaurbanoambiental.com.br\/index.php\/servicos-licenciamento\/\" class=\"elementor-item\" tabindex=\"-1\">Solicita\u00e7\u00f5es<\/a><\/li>\n<li class=\"menu-item menu-item-type-custom menu-item-object-custom menu-item-has-children menu-item-2217\"><a class=\"elementor-item\" tabindex=\"-1\">Informa\u00e7\u00f5es \u00dateis<\/a>\n<ul class=\"sub-menu elementor-nav-menu--dropdown\">\n\t<li class=\"menu-item menu-item-type-post_type menu-item-object-page menu-item-2742\"><a href=\"https:\/\/ipojucaurbanoambiental.com.br\/index.php\/faq\/\" class=\"elementor-sub-item\" tabindex=\"-1\">D\u00favidas Frequentes (FAQ)<\/a><\/li>\n\t<li class=\"menu-item menu-item-type-custom menu-item-object-custom menu-item-2726\"><a href=\"https:\/\/drive.google.com\/drive\/folders\/19omL0KxVtLKfbNp5wxB2N-wrnsS2L9a-?usp=drive_link\" class=\"elementor-sub-item\" tabindex=\"-1\">Legisla\u00e7\u00e3o Urban\u00edstica<\/a><\/li>\n\t<li class=\"menu-item menu-item-type-custom menu-item-object-custom menu-item-2727\"><a href=\"https:\/\/drive.google.com\/drive\/folders\/1kADiffp_JCfNs1wp3yCW5NM2tFhN4hLy?usp=drive_link\" class=\"elementor-sub-item\" tabindex=\"-1\">Plantas Loteamentos<\/a><\/li>\n\t<li class=\"menu-item menu-item-type-post_type menu-item-object-page menu-item-852\"><a href=\"https:\/\/ipojucaurbanoambiental.com.br\/index.php\/mapa-de-macrozoneamento\/\" class=\"elementor-sub-item\" tabindex=\"-1\">Mapa de Macrozoneamento<\/a><\/li>\n\t<li class=\"menu-item menu-item-type-post_type menu-item-object-page menu-item-1847\"><a href=\"https:\/\/ipojucaurbanoambiental.com.br\/index.php\/calcule-a-const\/\" class=\"elementor-sub-item\" tabindex=\"-1\">Calcule a \u00c1rea Constru\u00edda<\/a><\/li>\n\t<li class=\"menu-item menu-item-type-post_type menu-item-object-page menu-item-2184\"><a href=\"https:\/\/ipojucaurbanoambiental.com.br\/index.php\/cep\/\" class=\"elementor-sub-item\" tabindex=\"-1\">Encontre o CEP<\/a><\/li>\n<\/ul>\n<\/li>\n<li class=\"menu-item menu-item-type-post_type menu-item-object-page menu-item-2694\"><a href=\"https:\/\/ipojucaurbanoambiental.com.br\/index.php\/denuncia\/\" class=\"elementor-item\" tabindex=\"-1\">Den\u00fancia<\/a><\/li>\n<\/ul>\t\t\t<\/nav>\n\t\t\t\t<\/div>\n\t\t\t\t<\/div>\n\t\t\t\t\t<\/div>\n\t\t<\/div>\n\t\t\t\t\t<\/div>\n\t\t<\/section>\n\t\t\t\t<section class=\"elementor-section elementor-top-section elementor-element elementor-element-b93e80a elementor-section-boxed elementor-section-height-default elementor-section-height-default\" data-id=\"b93e80a\" data-element_type=\"section\">\n\t\t\t\t\t\t<div class=\"elementor-container elementor-column-gap-default\">\n\t\t\t\t\t<div class=\"elementor-column elementor-col-100 elementor-top-column elementor-element elementor-element-d074d0c\" data-id=\"d074d0c\" data-element_type=\"column\">\n\t\t\t<div class=\"elementor-widget-wrap elementor-element-populated\">\n\t\t\t\t\t\t<div class=\"elementor-element elementor-element-06baf4e elementor-widget elementor-widget-heading\" data-id=\"06baf4e\" data-element_type=\"widget\" id=\"documentos\" data-widget_type=\"heading.default\">\n\t\t\t\t<div class=\"elementor-widget-container\">\n\t\t\t<style>\/*! elementor - v3.21.0 - 08-05-2024 *\/\n.elementor-heading-title{padding:0;margin:0;line-height:1}.elementor-widget-heading .elementor-heading-title[class*=elementor-size-]>a{color:inherit;font-size:inherit;line-height:inherit}.elementor-widget-heading .elementor-heading-title.elementor-size-small{font-size:15px}.elementor-widget-heading .elementor-heading-title.elementor-size-medium{font-size:19px}.elementor-widget-heading .elementor-heading-title.elementor-size-large{font-size:29px}.elementor-widget-heading .elementor-heading-title.elementor-size-xl{font-size:39px}.elementor-widget-heading .elementor-heading-title.elementor-size-xxl{font-size:59px}<\/style><h6 class=\"elementor-heading-title elementor-size-default\">Mapa de Macrozoneamento (Plano Diretor Lei 2120\/2023)<\/h6>\t\t<\/div>\n\t\t\t\t<\/div>\n\t\t\t\t<div class=\"elementor-element elementor-element-7273539 elementor-widget elementor-widget-text-editor\" data-id=\"7273539\" data-element_type=\"widget\" data-widget_type=\"text-editor.default\">\n\t\t\t\t<div class=\"elementor-widget-container\">\n\t\t\t<style>\/*! elementor - v3.21.0 - 08-05-2024 *\/\n.elementor-widget-text-editor.elementor-drop-cap-view-stacked .elementor-drop-cap{background-color:#69727d;color:#fff}.elementor-widget-text-editor.elementor-drop-cap-view-framed .elementor-drop-cap{color:#69727d;border:3px solid;background-color:transparent}.elementor-widget-text-editor:not(.elementor-drop-cap-view-default) .elementor-drop-cap{margin-top:8px}.elementor-widget-text-editor:not(.elementor-drop-cap-view-default) .elementor-drop-cap-letter{width:1em;height:1em}.elementor-widget-text-editor .elementor-drop-cap{float:left;text-align:center;line-height:1;font-size:50px}.elementor-widget-text-editor .elementor-drop-cap-letter{display:inline-block}<\/style>\t\t\t\t<p>Passe o cursor para visualizar o nome da macro\u00e1rea. Zonas Especiais sobrep\u00f5em Macro\u00e1reas. As letras min\u00fasculas em cada macro\u00e1rea representam apenas as diferentes por\u00e7\u00f5es de terra.<\/p>\t\t\t\t\t\t<\/div>\n\t\t\t\t<\/div>\n\t\t\t\t\t<\/div>\n\t\t<\/div>\n\t\t\t\t\t<\/div>\n\t\t<\/section>\n\t\t\t\t<section class=\"elementor-section elementor-top-section elementor-element elementor-element-801462b elementor-section-boxed elementor-section-height-default elementor-section-height-default\" data-id=\"801462b\" data-element_type=\"section\">\n\t\t\t\t\t\t<div class=\"elementor-container elementor-column-gap-default\">\n\t\t\t\t\t<div class=\"elementor-column elementor-col-100 elementor-top-column elementor-element elementor-element-ac2cde6\" data-id=\"ac2cde6\" data-element_type=\"column\">\n\t\t\t<div class=\"elementor-widget-wrap elementor-element-populated\">\n\t\t\t\t\t\t<div class=\"elementor-element elementor-element-43251c7 elementor-widget elementor-widget-html\" data-id=\"43251c7\" data-element_type=\"widget\" data-widget_type=\"html.default\">\n\t\t\t\t<div class=\"elementor-widget-container\">\n\t\t\t<iframe src=\"https:\/\/widgets.scribblemaps.com\/sm\/?ol&cv&dv&lm&d&ti&s&z&mc&mt&mv&l&gc&svc&sc&width=100%&dfe&height=100%&id=oYRkBqiWhc\" allow=\"geolocation; clipboard-write; fullscreen; web-share\" allowfullscreen width=\"100%\" height=\"550px\" frameborder=\"0\" loading=\"lazy\" webkitallowfullscreen mozallowfullscreen allowfullscreen><\/iframe>\t\t<\/div>\n\t\t\t\t<\/div>\n\t\t\t\t\t<\/div>\n\t\t<\/div>\n\t\t\t\t\t<\/div>\n\t\t<\/section>\n\t\t\t\t<section class=\"elementor-section elementor-top-section elementor-element elementor-element-70dad46 elementor-section-boxed elementor-section-height-default elementor-section-height-default\" data-id=\"70dad46\" data-element_type=\"section\">\n\t\t\t\t\t\t<div class=\"elementor-container elementor-column-gap-default\">\n\t\t\t\t\t<div class=\"elementor-column elementor-col-100 elementor-top-column elementor-element elementor-element-2132364\" data-id=\"2132364\" data-element_type=\"column\">\n\t\t\t<div class=\"elementor-widget-wrap elementor-element-populated\">\n\t\t\t\t\t\t<div class=\"elementor-element elementor-element-9b6376a elementor-widget elementor-widget-text-editor\" data-id=\"9b6376a\" data-element_type=\"widget\" data-widget_type=\"text-editor.default\">\n\t\t\t\t<div class=\"elementor-widget-container\">\n\t\t\t\t\t\t\t<p>Para acessar nossa pasta com todos arquivos KML (Google Earth), <a href=\"https:\/\/drive.google.com\/drive\/folders\/1pCPUA4bLFXflDialddLGzt-aIZmiLr_4?usp=drive_link\">clique aqui.<\/a><\/p>\t\t\t\t\t\t<\/div>\n\t\t\t\t<\/div>\n\t\t\t\t\t<\/div>\n\t\t<\/div>\n\t\t\t\t\t<\/div>\n\t\t<\/section>\n\t\t\t\t<\/div>\n\t\t","protected":false},"excerpt":{"rendered":"<p>Mapa de Macrozoneamento (Plano Diretor Lei 2120\/2023) Passe o cursor para visualizar o nome da macro\u00e1rea. Zonas Especiais sobrep\u00f5em Macro\u00e1reas. As letras min\u00fasculas em cada macro\u00e1rea representam apenas as diferentes por\u00e7\u00f5es de terra. Para acessar nossa pasta com todos arquivos KML (Google Earth), clique aqui.<\/p>\n","protected":false},"author":6,"featured_media":0,"parent":0,"menu_order":0,"comment_status":"closed","ping_status":"closed","template":"elementor_canvas","meta":{"footnotes":""},"class_list":["post-815","page","type-page","status-publish","hentry"],"_links":{"self":[{"href":"https:\/\/ipojucaurbanoambiental.com.br\/index.php\/wp-json\/wp\/v2\/pages\/815","targetHints":{"allow":["GET"]}}],"collection":[{"href":"https:\/\/ipojucaurbanoambiental.com.br\/index.php\/wp-json\/wp\/v2\/pages"}],"about":[{"href":"https:\/\/ipojucaurbanoambiental.com.br\/index.php\/wp-json\/wp\/v2\/types\/page"}],"author":[{"embeddable":true,"href":"https:\/\/ipojucaurbanoambiental.com.br\/index.php\/wp-json\/wp\/v2\/users\/6"}],"replies":[{"embeddable":true,"href":"https:\/\/ipojucaurbanoambiental.com.br\/index.php\/wp-json\/wp\/v2\/comments?post=815"}],"version-history":[{"count":45,"href":"https:\/\/ipojucaurbanoambiental.com.br\/index.php\/wp-json\/wp\/v2\/pages\/815\/revisions"}],"predecessor-version":[{"id":3083,"href":"https:\/\/ipojucaurbanoambiental.com.br\/index.php\/wp-json\/wp\/v2\/pages\/815\/revisions\/3083"}],"wp:attachment":[{"href":"https:\/\/ipojucaurbanoambiental.com.br\/index.php\/wp-json\/wp\/v2\/media?parent=815"}],"curies":[{"name":"wp","href":"https:\/\/api.w.org\/{rel}","templated":true}]}}