{"id":3295,"date":"2026-04-28T18:29:21","date_gmt":"2026-04-28T21:29:21","guid":{"rendered":"https:\/\/ipojucaurbanoambiental.com.br\/?page_id=3295"},"modified":"2026-04-30T17:45:08","modified_gmt":"2026-04-30T20:45:08","slug":"analisepreviabim","status":"publish","type":"page","link":"https:\/\/ipojucaurbanoambiental.com.br\/index.php\/analisepreviabim\/","title":{"rendered":"An\u00e1lise Pr\u00e9via &#8211; BIM"},"content":{"rendered":"\t\t<div data-elementor-type=\"wp-post\" data-elementor-id=\"3295\" class=\"elementor elementor-3295\" data-elementor-post-type=\"page\">\n\t\t\t\t\t\t<section class=\"elementor-section elementor-top-section elementor-element elementor-element-9d4282e elementor-section-boxed elementor-section-height-default elementor-section-height-default\" data-id=\"9d4282e\" data-element_type=\"section\" data-settings=\"{&quot;background_background&quot;:&quot;classic&quot;}\">\n\t\t\t\t\t\t<div class=\"elementor-container elementor-column-gap-default\">\n\t\t\t\t\t<div class=\"elementor-column elementor-col-100 elementor-top-column elementor-element elementor-element-2f7d7e3\" data-id=\"2f7d7e3\" data-element_type=\"column\">\n\t\t\t<div class=\"elementor-widget-wrap elementor-element-populated\">\n\t\t\t\t\t\t<div class=\"elementor-element elementor-element-8ba96e1 elementor-nav-menu__align-center elementor-nav-menu--dropdown-mobile elementor-nav-menu__text-align-aside elementor-nav-menu--toggle elementor-nav-menu--burger elementor-widget elementor-widget-nav-menu\" data-id=\"8ba96e1\" data-element_type=\"widget\" data-settings=\"{&quot;layout&quot;:&quot;horizontal&quot;,&quot;submenu_icon&quot;:{&quot;value&quot;:&quot;&lt;i class=\\&quot;fas fa-caret-down\\&quot;&gt;&lt;\\\/i&gt;&quot;,&quot;library&quot;:&quot;fa-solid&quot;},&quot;toggle&quot;:&quot;burger&quot;}\" data-widget_type=\"nav-menu.default\">\n\t\t\t\t<div class=\"elementor-widget-container\">\n\t\t\t<link rel=\"stylesheet\" href=\"https:\/\/ipojucaurbanoambiental.com.br\/wp-content\/plugins\/elementor-pro\/assets\/css\/widget-nav-menu.min.css\">\t\t\t<nav class=\"elementor-nav-menu--main elementor-nav-menu__container elementor-nav-menu--layout-horizontal e--pointer-double-line e--animation-drop-in\">\n\t\t\t\t<ul id=\"menu-1-8ba96e1\" class=\"elementor-nav-menu\"><li class=\"menu-item menu-item-type-post_type menu-item-object-page menu-item-home menu-item-2195\"><a href=\"https:\/\/ipojucaurbanoambiental.com.br\/\" class=\"elementor-item\">In\u00edcio<\/a><\/li>\n<li class=\"menu-item menu-item-type-post_type menu-item-object-page menu-item-2194\"><a href=\"https:\/\/ipojucaurbanoambiental.com.br\/index.php\/servicos-licenciamento\/\" class=\"elementor-item\">Solicita\u00e7\u00f5es<\/a><\/li>\n<li class=\"menu-item menu-item-type-custom menu-item-object-custom menu-item-has-children menu-item-2217\"><a class=\"elementor-item\">Informa\u00e7\u00f5es \u00dateis<\/a>\n<ul class=\"sub-menu elementor-nav-menu--dropdown\">\n\t<li class=\"menu-item menu-item-type-post_type menu-item-object-page menu-item-2742\"><a href=\"https:\/\/ipojucaurbanoambiental.com.br\/index.php\/faq\/\" class=\"elementor-sub-item\">D\u00favidas Frequentes (FAQ)<\/a><\/li>\n\t<li class=\"menu-item menu-item-type-custom menu-item-object-custom menu-item-2726\"><a href=\"https:\/\/drive.google.com\/drive\/folders\/19omL0KxVtLKfbNp5wxB2N-wrnsS2L9a-?usp=drive_link\" class=\"elementor-sub-item\">Legisla\u00e7\u00e3o Urban\u00edstica<\/a><\/li>\n\t<li class=\"menu-item menu-item-type-custom menu-item-object-custom menu-item-2727\"><a href=\"https:\/\/drive.google.com\/drive\/folders\/1kADiffp_JCfNs1wp3yCW5NM2tFhN4hLy?usp=drive_link\" class=\"elementor-sub-item\">Plantas Loteamentos<\/a><\/li>\n\t<li class=\"menu-item menu-item-type-post_type menu-item-object-page menu-item-852\"><a href=\"https:\/\/ipojucaurbanoambiental.com.br\/index.php\/mapa-de-macrozoneamento\/\" class=\"elementor-sub-item\">Mapa de Macrozoneamento<\/a><\/li>\n\t<li class=\"menu-item menu-item-type-post_type menu-item-object-page menu-item-1847\"><a href=\"https:\/\/ipojucaurbanoambiental.com.br\/index.php\/calcule-a-const\/\" class=\"elementor-sub-item\">Calcule a \u00c1rea Constru\u00edda<\/a><\/li>\n\t<li class=\"menu-item menu-item-type-post_type menu-item-object-page menu-item-2184\"><a href=\"https:\/\/ipojucaurbanoambiental.com.br\/index.php\/cep\/\" class=\"elementor-sub-item\">Encontre o CEP<\/a><\/li>\n<\/ul>\n<\/li>\n<li class=\"menu-item menu-item-type-post_type menu-item-object-page menu-item-2694\"><a href=\"https:\/\/ipojucaurbanoambiental.com.br\/index.php\/denuncia\/\" class=\"elementor-item\">Den\u00fancia<\/a><\/li>\n<\/ul>\t\t\t<\/nav>\n\t\t\t\t\t<div class=\"elementor-menu-toggle\" role=\"button\" tabindex=\"0\" aria-label=\"Menu Toggle\" aria-expanded=\"false\">\n\t\t\t<i aria-hidden=\"true\" role=\"presentation\" class=\"elementor-menu-toggle__icon--open eicon-menu-bar\"><\/i><i aria-hidden=\"true\" role=\"presentation\" class=\"elementor-menu-toggle__icon--close eicon-close\"><\/i>\t\t\t<span class=\"elementor-screen-only\">Menu<\/span>\n\t\t<\/div>\n\t\t\t\t\t<nav class=\"elementor-nav-menu--dropdown elementor-nav-menu__container\" aria-hidden=\"true\">\n\t\t\t\t<ul id=\"menu-2-8ba96e1\" class=\"elementor-nav-menu\"><li class=\"menu-item menu-item-type-post_type menu-item-object-page menu-item-home menu-item-2195\"><a href=\"https:\/\/ipojucaurbanoambiental.com.br\/\" class=\"elementor-item\" tabindex=\"-1\">In\u00edcio<\/a><\/li>\n<li class=\"menu-item menu-item-type-post_type menu-item-object-page menu-item-2194\"><a href=\"https:\/\/ipojucaurbanoambiental.com.br\/index.php\/servicos-licenciamento\/\" class=\"elementor-item\" tabindex=\"-1\">Solicita\u00e7\u00f5es<\/a><\/li>\n<li class=\"menu-item menu-item-type-custom menu-item-object-custom menu-item-has-children menu-item-2217\"><a class=\"elementor-item\" tabindex=\"-1\">Informa\u00e7\u00f5es \u00dateis<\/a>\n<ul class=\"sub-menu elementor-nav-menu--dropdown\">\n\t<li class=\"menu-item menu-item-type-post_type menu-item-object-page menu-item-2742\"><a href=\"https:\/\/ipojucaurbanoambiental.com.br\/index.php\/faq\/\" class=\"elementor-sub-item\" tabindex=\"-1\">D\u00favidas Frequentes (FAQ)<\/a><\/li>\n\t<li class=\"menu-item menu-item-type-custom menu-item-object-custom menu-item-2726\"><a href=\"https:\/\/drive.google.com\/drive\/folders\/19omL0KxVtLKfbNp5wxB2N-wrnsS2L9a-?usp=drive_link\" class=\"elementor-sub-item\" tabindex=\"-1\">Legisla\u00e7\u00e3o Urban\u00edstica<\/a><\/li>\n\t<li class=\"menu-item menu-item-type-custom menu-item-object-custom menu-item-2727\"><a href=\"https:\/\/drive.google.com\/drive\/folders\/1kADiffp_JCfNs1wp3yCW5NM2tFhN4hLy?usp=drive_link\" class=\"elementor-sub-item\" tabindex=\"-1\">Plantas Loteamentos<\/a><\/li>\n\t<li class=\"menu-item menu-item-type-post_type menu-item-object-page menu-item-852\"><a href=\"https:\/\/ipojucaurbanoambiental.com.br\/index.php\/mapa-de-macrozoneamento\/\" class=\"elementor-sub-item\" tabindex=\"-1\">Mapa de Macrozoneamento<\/a><\/li>\n\t<li class=\"menu-item menu-item-type-post_type menu-item-object-page menu-item-1847\"><a href=\"https:\/\/ipojucaurbanoambiental.com.br\/index.php\/calcule-a-const\/\" class=\"elementor-sub-item\" tabindex=\"-1\">Calcule a \u00c1rea Constru\u00edda<\/a><\/li>\n\t<li class=\"menu-item menu-item-type-post_type menu-item-object-page menu-item-2184\"><a href=\"https:\/\/ipojucaurbanoambiental.com.br\/index.php\/cep\/\" class=\"elementor-sub-item\" tabindex=\"-1\">Encontre o CEP<\/a><\/li>\n<\/ul>\n<\/li>\n<li class=\"menu-item menu-item-type-post_type menu-item-object-page menu-item-2694\"><a href=\"https:\/\/ipojucaurbanoambiental.com.br\/index.php\/denuncia\/\" class=\"elementor-item\" tabindex=\"-1\">Den\u00fancia<\/a><\/li>\n<\/ul>\t\t\t<\/nav>\n\t\t\t\t<\/div>\n\t\t\t\t<\/div>\n\t\t\t\t\t<\/div>\n\t\t<\/div>\n\t\t\t\t\t<\/div>\n\t\t<\/section>\n\t\t\t\t<section class=\"elementor-section elementor-top-section elementor-element elementor-element-6513b51 elementor-section-boxed elementor-section-height-default elementor-section-height-default\" data-id=\"6513b51\" data-element_type=\"section\">\n\t\t\t\t\t\t<div class=\"elementor-container elementor-column-gap-default\">\n\t\t\t\t\t<div class=\"elementor-column elementor-col-100 elementor-top-column elementor-element elementor-element-b433273\" data-id=\"b433273\" data-element_type=\"column\">\n\t\t\t<div class=\"elementor-widget-wrap elementor-element-populated\">\n\t\t\t\t\t\t<div class=\"elementor-element elementor-element-1588592 elementor-widget elementor-widget-html\" data-id=\"1588592\" data-element_type=\"widget\" data-widget_type=\"html.default\">\n\t\t\t\t<div class=\"elementor-widget-container\">\n\t\t\t<iframe src=\"https:\/\/ipojucaurbanoambiental.com.br\/analiseprevia\/\" allow=\"geolocation; clipboard-write; fullscreen; web-share\" allowfullscreen width=\"100%\" height=\"550px\" frameborder=\"0\" loading=\"lazy\" webkitallowfullscreen mozallowfullscreen allowfullscreen><\/iframe>\t\t<\/div>\n\t\t\t\t<\/div>\n\t\t\t\t\t<\/div>\n\t\t<\/div>\n\t\t\t\t\t<\/div>\n\t\t<\/section>\n\t\t\t\t<section class=\"elementor-section elementor-top-section elementor-element elementor-element-acfc706 elementor-section-boxed elementor-section-height-default elementor-section-height-default\" data-id=\"acfc706\" data-element_type=\"section\">\n\t\t\t\t\t\t<div class=\"elementor-container elementor-column-gap-default\">\n\t\t\t\t\t<div class=\"elementor-column elementor-col-100 elementor-top-column elementor-element elementor-element-7b599ea\" data-id=\"7b599ea\" data-element_type=\"column\">\n\t\t\t<div class=\"elementor-widget-wrap elementor-element-populated\">\n\t\t\t\t\t\t<div class=\"elementor-element elementor-element-f14e19c e-transform elementor-widget elementor-widget-image\" data-id=\"f14e19c\" data-element_type=\"widget\" data-settings=\"{&quot;_transform_scale_effect&quot;:{&quot;unit&quot;:&quot;px&quot;,&quot;size&quot;:0.7,&quot;sizes&quot;:[]},&quot;_transform_scale_effect_tablet&quot;:{&quot;unit&quot;:&quot;px&quot;,&quot;size&quot;:&quot;&quot;,&quot;sizes&quot;:[]},&quot;_transform_scale_effect_mobile&quot;:{&quot;unit&quot;:&quot;px&quot;,&quot;size&quot;:&quot;&quot;,&quot;sizes&quot;:[]}}\" data-widget_type=\"image.default\">\n\t\t\t\t<div class=\"elementor-widget-container\">\n\t\t\t<style>\/*! elementor - v3.21.0 - 08-05-2024 *\/\n.elementor-widget-image{text-align:center}.elementor-widget-image a{display:inline-block}.elementor-widget-image a img[src$=\".svg\"]{width:48px}.elementor-widget-image img{vertical-align:middle;display:inline-block}<\/style>\t\t\t\t\t\t\t\t\t\t<img decoding=\"async\" width=\"279\" height=\"68\" src=\"https:\/\/ipojucaurbanoambiental.com.br\/wp-content\/uploads\/2025\/12\/logo-ipojuca-horizontal.webp\" class=\"attachment-large size-large wp-image-2251\" alt=\"\" \/>\t\t\t\t\t\t\t\t\t\t\t\t\t<\/div>\n\t\t\t\t<\/div>\n\t\t\t\t\t<\/div>\n\t\t<\/div>\n\t\t\t\t\t<\/div>\n\t\t<\/section>\n\t\t\t\t<\/div>\n\t\t","protected":false},"excerpt":{"rendered":"","protected":false},"author":1,"featured_media":0,"parent":0,"menu_order":0,"comment_status":"closed","ping_status":"closed","template":"elementor_canvas","meta":{"footnotes":""},"class_list":["post-3295","page","type-page","status-publish","hentry"],"_links":{"self":[{"href":"https:\/\/ipojucaurbanoambiental.com.br\/index.php\/wp-json\/wp\/v2\/pages\/3295","targetHints":{"allow":["GET"]}}],"collection":[{"href":"https:\/\/ipojucaurbanoambiental.com.br\/index.php\/wp-json\/wp\/v2\/pages"}],"about":[{"href":"https:\/\/ipojucaurbanoambiental.com.br\/index.php\/wp-json\/wp\/v2\/types\/page"}],"author":[{"embeddable":true,"href":"https:\/\/ipojucaurbanoambiental.com.br\/index.php\/wp-json\/wp\/v2\/users\/1"}],"replies":[{"embeddable":true,"href":"https:\/\/ipojucaurbanoambiental.com.br\/index.php\/wp-json\/wp\/v2\/comments?post=3295"}],"version-history":[{"count":19,"href":"https:\/\/ipojucaurbanoambiental.com.br\/index.php\/wp-json\/wp\/v2\/pages\/3295\/revisions"}],"predecessor-version":[{"id":3316,"href":"https:\/\/ipojucaurbanoambiental.com.br\/index.php\/wp-json\/wp\/v2\/pages\/3295\/revisions\/3316"}],"wp:attachment":[{"href":"https:\/\/ipojucaurbanoambiental.com.br\/index.php\/wp-json\/wp\/v2\/media?parent=3295"}],"curies":[{"name":"wp","href":"https:\/\/api.w.org\/{rel}","templated":true}]}}