{"id":2203,"date":"2025-12-30T10:58:28","date_gmt":"2025-12-30T13:58:28","guid":{"rendered":"https:\/\/ipojucaurbanoambiental.com.br\/?page_id=2203"},"modified":"2026-03-17T16:46:56","modified_gmt":"2026-03-17T19:46:56","slug":"denuncia","status":"publish","type":"page","link":"https:\/\/ipojucaurbanoambiental.com.br\/index.php\/denuncia\/","title":{"rendered":"Den\u00fancia"},"content":{"rendered":"\t\t<div data-elementor-type=\"wp-post\" data-elementor-id=\"2203\" class=\"elementor elementor-2203\" data-elementor-post-type=\"page\">\n\t\t\t\t\t\t<section class=\"elementor-section elementor-top-section elementor-element elementor-element-c04b936 elementor-section-boxed elementor-section-height-default elementor-section-height-default\" data-id=\"c04b936\" data-element_type=\"section\" data-settings=\"{&quot;background_background&quot;:&quot;classic&quot;}\">\n\t\t\t\t\t\t<div class=\"elementor-container elementor-column-gap-default\">\n\t\t\t\t\t<div class=\"elementor-column elementor-col-100 elementor-top-column elementor-element elementor-element-06ae045\" data-id=\"06ae045\" data-element_type=\"column\">\n\t\t\t<div class=\"elementor-widget-wrap elementor-element-populated\">\n\t\t\t\t\t\t<div class=\"elementor-element elementor-element-3bd72c6 elementor-nav-menu__align-center elementor-nav-menu--dropdown-mobile elementor-nav-menu__text-align-aside elementor-nav-menu--toggle elementor-nav-menu--burger elementor-widget elementor-widget-nav-menu\" data-id=\"3bd72c6\" data-element_type=\"widget\" data-settings=\"{&quot;layout&quot;:&quot;horizontal&quot;,&quot;submenu_icon&quot;:{&quot;value&quot;:&quot;&lt;i class=\\&quot;fas fa-caret-down\\&quot;&gt;&lt;\\\/i&gt;&quot;,&quot;library&quot;:&quot;fa-solid&quot;},&quot;toggle&quot;:&quot;burger&quot;}\" data-widget_type=\"nav-menu.default\">\n\t\t\t\t<div class=\"elementor-widget-container\">\n\t\t\t<link rel=\"stylesheet\" href=\"https:\/\/ipojucaurbanoambiental.com.br\/wp-content\/plugins\/elementor-pro\/assets\/css\/widget-nav-menu.min.css\">\t\t\t<nav class=\"elementor-nav-menu--main elementor-nav-menu__container elementor-nav-menu--layout-horizontal e--pointer-double-line e--animation-drop-in\">\n\t\t\t\t<ul id=\"menu-1-3bd72c6\" class=\"elementor-nav-menu\"><li class=\"menu-item menu-item-type-post_type menu-item-object-page menu-item-home menu-item-2195\"><a href=\"https:\/\/ipojucaurbanoambiental.com.br\/\" class=\"elementor-item\">In\u00edcio<\/a><\/li>\n<li class=\"menu-item menu-item-type-post_type menu-item-object-page menu-item-2194\"><a href=\"https:\/\/ipojucaurbanoambiental.com.br\/index.php\/servicos-licenciamento\/\" class=\"elementor-item\">Solicita\u00e7\u00f5es<\/a><\/li>\n<li class=\"menu-item menu-item-type-custom menu-item-object-custom menu-item-has-children menu-item-2217\"><a class=\"elementor-item\">Informa\u00e7\u00f5es \u00dateis<\/a>\n<ul class=\"sub-menu elementor-nav-menu--dropdown\">\n\t<li class=\"menu-item menu-item-type-post_type menu-item-object-page menu-item-2742\"><a href=\"https:\/\/ipojucaurbanoambiental.com.br\/index.php\/faq\/\" class=\"elementor-sub-item\">D\u00favidas Frequentes (FAQ)<\/a><\/li>\n\t<li class=\"menu-item menu-item-type-custom menu-item-object-custom menu-item-2726\"><a href=\"https:\/\/drive.google.com\/drive\/folders\/19omL0KxVtLKfbNp5wxB2N-wrnsS2L9a-?usp=drive_link\" class=\"elementor-sub-item\">Legisla\u00e7\u00e3o Urban\u00edstica<\/a><\/li>\n\t<li class=\"menu-item menu-item-type-custom menu-item-object-custom menu-item-2727\"><a href=\"https:\/\/drive.google.com\/drive\/folders\/1kADiffp_JCfNs1wp3yCW5NM2tFhN4hLy?usp=drive_link\" class=\"elementor-sub-item\">Plantas Loteamentos<\/a><\/li>\n\t<li class=\"menu-item menu-item-type-post_type menu-item-object-page menu-item-852\"><a href=\"https:\/\/ipojucaurbanoambiental.com.br\/index.php\/mapa-de-macrozoneamento\/\" class=\"elementor-sub-item\">Mapa de Macrozoneamento<\/a><\/li>\n\t<li class=\"menu-item menu-item-type-post_type menu-item-object-page menu-item-1847\"><a href=\"https:\/\/ipojucaurbanoambiental.com.br\/index.php\/calcule-a-const\/\" class=\"elementor-sub-item\">Calcule a \u00c1rea Constru\u00edda<\/a><\/li>\n\t<li class=\"menu-item menu-item-type-post_type menu-item-object-page menu-item-2184\"><a href=\"https:\/\/ipojucaurbanoambiental.com.br\/index.php\/cep\/\" class=\"elementor-sub-item\">Encontre o CEP<\/a><\/li>\n<\/ul>\n<\/li>\n<li class=\"menu-item menu-item-type-post_type menu-item-object-page menu-item-2694\"><a href=\"https:\/\/ipojucaurbanoambiental.com.br\/index.php\/denuncia\/\" class=\"elementor-item\">Den\u00fancia<\/a><\/li>\n<\/ul>\t\t\t<\/nav>\n\t\t\t\t\t<div class=\"elementor-menu-toggle\" role=\"button\" tabindex=\"0\" aria-label=\"Menu Toggle\" aria-expanded=\"false\">\n\t\t\t<i aria-hidden=\"true\" role=\"presentation\" class=\"elementor-menu-toggle__icon--open eicon-menu-bar\"><\/i><i aria-hidden=\"true\" role=\"presentation\" class=\"elementor-menu-toggle__icon--close eicon-close\"><\/i>\t\t\t<span class=\"elementor-screen-only\">Menu<\/span>\n\t\t<\/div>\n\t\t\t\t\t<nav class=\"elementor-nav-menu--dropdown elementor-nav-menu__container\" aria-hidden=\"true\">\n\t\t\t\t<ul id=\"menu-2-3bd72c6\" class=\"elementor-nav-menu\"><li class=\"menu-item menu-item-type-post_type menu-item-object-page menu-item-home menu-item-2195\"><a href=\"https:\/\/ipojucaurbanoambiental.com.br\/\" class=\"elementor-item\" tabindex=\"-1\">In\u00edcio<\/a><\/li>\n<li class=\"menu-item menu-item-type-post_type menu-item-object-page menu-item-2194\"><a href=\"https:\/\/ipojucaurbanoambiental.com.br\/index.php\/servicos-licenciamento\/\" class=\"elementor-item\" tabindex=\"-1\">Solicita\u00e7\u00f5es<\/a><\/li>\n<li class=\"menu-item menu-item-type-custom menu-item-object-custom menu-item-has-children menu-item-2217\"><a class=\"elementor-item\" tabindex=\"-1\">Informa\u00e7\u00f5es \u00dateis<\/a>\n<ul class=\"sub-menu elementor-nav-menu--dropdown\">\n\t<li class=\"menu-item menu-item-type-post_type menu-item-object-page menu-item-2742\"><a href=\"https:\/\/ipojucaurbanoambiental.com.br\/index.php\/faq\/\" class=\"elementor-sub-item\" tabindex=\"-1\">D\u00favidas Frequentes (FAQ)<\/a><\/li>\n\t<li class=\"menu-item menu-item-type-custom menu-item-object-custom menu-item-2726\"><a href=\"https:\/\/drive.google.com\/drive\/folders\/19omL0KxVtLKfbNp5wxB2N-wrnsS2L9a-?usp=drive_link\" class=\"elementor-sub-item\" tabindex=\"-1\">Legisla\u00e7\u00e3o Urban\u00edstica<\/a><\/li>\n\t<li class=\"menu-item menu-item-type-custom menu-item-object-custom menu-item-2727\"><a href=\"https:\/\/drive.google.com\/drive\/folders\/1kADiffp_JCfNs1wp3yCW5NM2tFhN4hLy?usp=drive_link\" class=\"elementor-sub-item\" tabindex=\"-1\">Plantas Loteamentos<\/a><\/li>\n\t<li class=\"menu-item menu-item-type-post_type menu-item-object-page menu-item-852\"><a href=\"https:\/\/ipojucaurbanoambiental.com.br\/index.php\/mapa-de-macrozoneamento\/\" class=\"elementor-sub-item\" tabindex=\"-1\">Mapa de Macrozoneamento<\/a><\/li>\n\t<li class=\"menu-item menu-item-type-post_type menu-item-object-page menu-item-1847\"><a href=\"https:\/\/ipojucaurbanoambiental.com.br\/index.php\/calcule-a-const\/\" class=\"elementor-sub-item\" tabindex=\"-1\">Calcule a \u00c1rea Constru\u00edda<\/a><\/li>\n\t<li class=\"menu-item menu-item-type-post_type menu-item-object-page menu-item-2184\"><a href=\"https:\/\/ipojucaurbanoambiental.com.br\/index.php\/cep\/\" class=\"elementor-sub-item\" tabindex=\"-1\">Encontre o CEP<\/a><\/li>\n<\/ul>\n<\/li>\n<li class=\"menu-item menu-item-type-post_type menu-item-object-page menu-item-2694\"><a href=\"https:\/\/ipojucaurbanoambiental.com.br\/index.php\/denuncia\/\" class=\"elementor-item\" tabindex=\"-1\">Den\u00fancia<\/a><\/li>\n<\/ul>\t\t\t<\/nav>\n\t\t\t\t<\/div>\n\t\t\t\t<\/div>\n\t\t\t\t\t<\/div>\n\t\t<\/div>\n\t\t\t\t\t<\/div>\n\t\t<\/section>\n\t\t\t\t<section class=\"elementor-section elementor-top-section elementor-element elementor-element-a87a3a9 elementor-section-boxed elementor-section-height-default elementor-section-height-default\" data-id=\"a87a3a9\" data-element_type=\"section\">\n\t\t\t\t\t\t<div class=\"elementor-container elementor-column-gap-default\">\n\t\t\t\t\t<div class=\"elementor-column elementor-col-100 elementor-top-column elementor-element elementor-element-86de408\" data-id=\"86de408\" data-element_type=\"column\">\n\t\t\t<div class=\"elementor-widget-wrap elementor-element-populated\">\n\t\t\t\t\t\t<div class=\"elementor-element elementor-element-c3d5f31 elementor-widget elementor-widget-heading\" data-id=\"c3d5f31\" data-element_type=\"widget\" data-widget_type=\"heading.default\">\n\t\t\t\t<div class=\"elementor-widget-container\">\n\t\t\t<style>\/*! elementor - v3.21.0 - 08-05-2024 *\/\n.elementor-heading-title{padding:0;margin:0;line-height:1}.elementor-widget-heading .elementor-heading-title[class*=elementor-size-]>a{color:inherit;font-size:inherit;line-height:inherit}.elementor-widget-heading .elementor-heading-title.elementor-size-small{font-size:15px}.elementor-widget-heading .elementor-heading-title.elementor-size-medium{font-size:19px}.elementor-widget-heading .elementor-heading-title.elementor-size-large{font-size:29px}.elementor-widget-heading .elementor-heading-title.elementor-size-xl{font-size:39px}.elementor-widget-heading .elementor-heading-title.elementor-size-xxl{font-size:59px}<\/style><h4 class=\"elementor-heading-title elementor-size-default\">\ud83d\udce2 <span style=\"color: rgb(26, 74, 107); font-family: Sora, sans-serif; font-size: 12px; letter-spacing: 0.96px; text-align: start; text-transform: uppercase; white-space-collapse: collapse;\">FAZER DEN\u00daNCIA<\/span><\/h4>\t\t<\/div>\n\t\t\t\t<\/div>\n\t\t\t\t\t<\/div>\n\t\t<\/div>\n\t\t\t\t\t<\/div>\n\t\t<\/section>\n\t\t\t\t<section class=\"elementor-section elementor-top-section elementor-element elementor-element-9ca98c8 elementor-section-boxed elementor-section-height-default elementor-section-height-default\" data-id=\"9ca98c8\" data-element_type=\"section\">\n\t\t\t\t\t\t<div class=\"elementor-container elementor-column-gap-default\">\n\t\t\t\t\t<div class=\"elementor-column elementor-col-100 elementor-top-column elementor-element elementor-element-688cbdd\" data-id=\"688cbdd\" data-element_type=\"column\">\n\t\t\t<div class=\"elementor-widget-wrap elementor-element-populated\">\n\t\t\t\t\t\t<div class=\"elementor-element elementor-element-912a9e5 elementor-align-center elementor-widget elementor-widget-button\" data-id=\"912a9e5\" data-element_type=\"widget\" data-widget_type=\"button.default\">\n\t\t\t\t<div class=\"elementor-widget-container\">\n\t\t\t\t\t<div class=\"elementor-button-wrapper\">\n\t\t\t<a class=\"elementor-button elementor-button-link elementor-size-sm\" href=\"https:\/\/ipojuca.1doc.com.br\/b.php?pg=wp\/wp&#038;itd=6&#038;is=962935\">\n\t\t\t\t\t\t<span class=\"elementor-button-content-wrapper\">\n\t\t\t\t\t\t<span class=\"elementor-button-icon elementor-align-icon-left\">\n\t\t\t\t<i aria-hidden=\"true\" class=\"fas fa-arrow-alt-circle-up\"><\/i>\t\t\t<\/span>\n\t\t\t\t\t\t\t\t\t<span class=\"elementor-button-text\">Protocolar on-line<\/span>\n\t\t\t\t\t<\/span>\n\t\t\t\t\t<\/a>\n\t\t<\/div>\n\t\t\t\t<\/div>\n\t\t\t\t<\/div>\n\t\t\t\t<div class=\"elementor-element elementor-element-722413b elementor-widget elementor-widget-heading\" data-id=\"722413b\" data-element_type=\"widget\" data-widget_type=\"heading.default\">\n\t\t\t\t<div class=\"elementor-widget-container\">\n\t\t\t<h5 class=\"elementor-heading-title elementor-size-default\">Obs: para o caso de precisarmos de mais informa\u00e7\u00f5es, deixe seu contato.<br>A den\u00fancia pode ser an\u00f4nima.<\/h5>\t\t<\/div>\n\t\t\t\t<\/div>\n\t\t\t\t\t<\/div>\n\t\t<\/div>\n\t\t\t\t\t<\/div>\n\t\t<\/section>\n\t\t\t\t<\/div>\n\t\t","protected":false},"excerpt":{"rendered":"<p>\ud83d\udce2 FAZER DEN\u00daNCIA Protocolar on-line Obs: para o caso de precisarmos de mais informa\u00e7\u00f5es, deixe seu contato.A den\u00fancia pode ser an\u00f4nima.<\/p>\n","protected":false},"author":1,"featured_media":0,"parent":0,"menu_order":0,"comment_status":"closed","ping_status":"closed","template":"elementor_canvas","meta":{"footnotes":""},"class_list":["post-2203","page","type-page","status-publish","hentry"],"_links":{"self":[{"href":"https:\/\/ipojucaurbanoambiental.com.br\/index.php\/wp-json\/wp\/v2\/pages\/2203","targetHints":{"allow":["GET"]}}],"collection":[{"href":"https:\/\/ipojucaurbanoambiental.com.br\/index.php\/wp-json\/wp\/v2\/pages"}],"about":[{"href":"https:\/\/ipojucaurbanoambiental.com.br\/index.php\/wp-json\/wp\/v2\/types\/page"}],"author":[{"embeddable":true,"href":"https:\/\/ipojucaurbanoambiental.com.br\/index.php\/wp-json\/wp\/v2\/users\/1"}],"replies":[{"embeddable":true,"href":"https:\/\/ipojucaurbanoambiental.com.br\/index.php\/wp-json\/wp\/v2\/comments?post=2203"}],"version-history":[{"count":40,"href":"https:\/\/ipojucaurbanoambiental.com.br\/index.php\/wp-json\/wp\/v2\/pages\/2203\/revisions"}],"predecessor-version":[{"id":2978,"href":"https:\/\/ipojucaurbanoambiental.com.br\/index.php\/wp-json\/wp\/v2\/pages\/2203\/revisions\/2978"}],"wp:attachment":[{"href":"https:\/\/ipojucaurbanoambiental.com.br\/index.php\/wp-json\/wp\/v2\/media?parent=2203"}],"curies":[{"name":"wp","href":"https:\/\/api.w.org\/{rel}","templated":true}]}}